{"id":1509,"date":"2014-04-06T09:36:03","date_gmt":"2014-04-06T09:36:03","guid":{"rendered":"https:\/\/crocusszepsegszalon.hu\/?page_id=1509"},"modified":"2024-05-17T14:52:05","modified_gmt":"2024-05-17T13:52:05","slug":"arak","status":"publish","type":"page","link":"https:\/\/crocusszepsegszalon.hu\/?page_id=1509","title":{"rendered":"\u00c1rak"},"content":{"rendered":"<h1 style=\"text-align: center;\"><span style=\"text-decoration: underline;\">M\u0171szempilla:<\/span><\/h1>\n<p><a href=\"https:\/\/crocusszepsegszalon.hu\/wp-content\/uploads\/2022\/08\/Szempillas_arlista_2022.09-scaled.jpg\"><img loading=\"lazy\" decoding=\"async\" class=\"alignnone size-full wp-image-4010\" src=\"https:\/\/crocusszepsegszalon.hu\/wp-content\/uploads\/2022\/08\/Szempillas_arlista_2022.09-scaled.jpg\" alt=\"\" width=\"1520\" height=\"2560\" \/><\/a><\/p>\n<h1><\/h1>\n<h1 style=\"text-align: center;\"><span style=\"text-decoration: underline;\">K\u00f6r\u00f6m:<\/span><\/h1>\n<p><a href=\"https:\/\/crocusszepsegszalon.hu\/wp-content\/uploads\/2024\/05\/Mukorom_arlista_2024.png\"><img loading=\"lazy\" decoding=\"async\" class=\"aligncenter wp-image-4223 \" src=\"https:\/\/crocusszepsegszalon.hu\/wp-content\/uploads\/2024\/05\/Mukorom_arlista_2024.png\" alt=\"\" width=\"1173\" height=\"2085\" srcset=\"https:\/\/crocusszepsegszalon.hu\/wp-content\/uploads\/2024\/05\/Mukorom_arlista_2024.png 1080w, https:\/\/crocusszepsegszalon.hu\/wp-content\/uploads\/2024\/05\/Mukorom_arlista_2024-169x300.png 169w, https:\/\/crocusszepsegszalon.hu\/wp-content\/uploads\/2024\/05\/Mukorom_arlista_2024-576x1024.png 576w, https:\/\/crocusszepsegszalon.hu\/wp-content\/uploads\/2024\/05\/Mukorom_arlista_2024-768x1365.png 768w, https:\/\/crocusszepsegszalon.hu\/wp-content\/uploads\/2024\/05\/Mukorom_arlista_2024-864x1536.png 864w\" sizes=\"auto, (max-width: 1173px) 100vw, 1173px\" \/><\/a><\/p>\n","protected":false},"excerpt":{"rendered":"<p>M\u0171szempilla: K\u00f6r\u00f6m:<\/p>\n","protected":false},"author":985464,"featured_media":0,"parent":0,"menu_order":0,"comment_status":"closed","ping_status":"closed","template":"","meta":{"footnotes":""},"class_list":["post-1509","page","type-page","status-publish","hentry"],"_links":{"self":[{"href":"https:\/\/crocusszepsegszalon.hu\/index.php?rest_route=\/wp\/v2\/pages\/1509","targetHints":{"allow":["GET"]}}],"collection":[{"href":"https:\/\/crocusszepsegszalon.hu\/index.php?rest_route=\/wp\/v2\/pages"}],"about":[{"href":"https:\/\/crocusszepsegszalon.hu\/index.php?rest_route=\/wp\/v2\/types\/page"}],"author":[{"embeddable":true,"href":"https:\/\/crocusszepsegszalon.hu\/index.php?rest_route=\/wp\/v2\/users\/985464"}],"replies":[{"embeddable":true,"href":"https:\/\/crocusszepsegszalon.hu\/index.php?rest_route=%2Fwp%2Fv2%2Fcomments&post=1509"}],"version-history":[{"count":24,"href":"https:\/\/crocusszepsegszalon.hu\/index.php?rest_route=\/wp\/v2\/pages\/1509\/revisions"}],"predecessor-version":[{"id":4140,"href":"https:\/\/crocusszepsegszalon.hu\/index.php?rest_route=\/wp\/v2\/pages\/1509\/revisions\/4140"}],"wp:attachment":[{"href":"https:\/\/crocusszepsegszalon.hu\/index.php?rest_route=%2Fwp%2Fv2%2Fmedia&parent=1509"}],"curies":[{"name":"wp","href":"https:\/\/api.w.org\/{rel}","templated":true}]}}