{"id":1552,"date":"2014-04-10T08:39:51","date_gmt":"2014-04-10T08:39:51","guid":{"rendered":"https:\/\/crocusszepsegszalon.hu\/?page_id=1552"},"modified":"2024-05-17T14:52:37","modified_gmt":"2024-05-17T13:52:37","slug":"kezapolas-es-mukoromepites","status":"publish","type":"page","link":"https:\/\/crocusszepsegszalon.hu\/?page_id=1552","title":{"rendered":"K\u00e9z\u00e1pol\u00e1s \u00e9s m\u0171k\u00f6r\u00f6m\u00e9p\u00edt\u00e9s"},"content":{"rendered":"<p><a href=\"https:\/\/crocusszepsegszalon.hu\/wp-content\/uploads\/2024\/05\/Mukorom_arlista_2024.png\"><img loading=\"lazy\" decoding=\"async\" class=\"wp-image-4223 size-full aligncenter\" src=\"https:\/\/crocusszepsegszalon.hu\/wp-content\/uploads\/2024\/05\/Mukorom_arlista_2024.png\" alt=\"\" width=\"1080\" height=\"1920\" srcset=\"https:\/\/crocusszepsegszalon.hu\/wp-content\/uploads\/2024\/05\/Mukorom_arlista_2024.png 1080w, https:\/\/crocusszepsegszalon.hu\/wp-content\/uploads\/2024\/05\/Mukorom_arlista_2024-169x300.png 169w, https:\/\/crocusszepsegszalon.hu\/wp-content\/uploads\/2024\/05\/Mukorom_arlista_2024-576x1024.png 576w, https:\/\/crocusszepsegszalon.hu\/wp-content\/uploads\/2024\/05\/Mukorom_arlista_2024-768x1365.png 768w, https:\/\/crocusszepsegszalon.hu\/wp-content\/uploads\/2024\/05\/Mukorom_arlista_2024-864x1536.png 864w\" sizes=\"auto, (max-width: 1080px) 100vw, 1080px\" \/><\/a><\/p>\n","protected":false},"excerpt":{"rendered":"","protected":false},"author":985464,"featured_media":0,"parent":0,"menu_order":0,"comment_status":"closed","ping_status":"closed","template":"","meta":{"footnotes":""},"class_list":["post-1552","page","type-page","status-publish","hentry"],"_links":{"self":[{"href":"https:\/\/crocusszepsegszalon.hu\/index.php?rest_route=\/wp\/v2\/pages\/1552","targetHints":{"allow":["GET"]}}],"collection":[{"href":"https:\/\/crocusszepsegszalon.hu\/index.php?rest_route=\/wp\/v2\/pages"}],"about":[{"href":"https:\/\/crocusszepsegszalon.hu\/index.php?rest_route=\/wp\/v2\/types\/page"}],"author":[{"embeddable":true,"href":"https:\/\/crocusszepsegszalon.hu\/index.php?rest_route=\/wp\/v2\/users\/985464"}],"replies":[{"embeddable":true,"href":"https:\/\/crocusszepsegszalon.hu\/index.php?rest_route=%2Fwp%2Fv2%2Fcomments&post=1552"}],"version-history":[{"count":12,"href":"https:\/\/crocusszepsegszalon.hu\/index.php?rest_route=\/wp\/v2\/pages\/1552\/revisions"}],"predecessor-version":[{"id":4226,"href":"https:\/\/crocusszepsegszalon.hu\/index.php?rest_route=\/wp\/v2\/pages\/1552\/revisions\/4226"}],"wp:attachment":[{"href":"https:\/\/crocusszepsegszalon.hu\/index.php?rest_route=%2Fwp%2Fv2%2Fmedia&parent=1552"}],"curies":[{"name":"wp","href":"https:\/\/api.w.org\/{rel}","templated":true}]}}