{"id":60,"date":"2013-12-05T06:33:18","date_gmt":"2013-12-05T06:33:18","guid":{"rendered":"https:\/\/crocusszepsegszalon.hu\/?page_id=60"},"modified":"2021-05-04T10:52:49","modified_gmt":"2021-05-04T09:52:49","slug":"galeria","status":"publish","type":"page","link":"https:\/\/crocusszepsegszalon.hu\/?page_id=60","title":{"rendered":"Gal\u00e9ria"},"content":{"rendered":"<div class=\"wpb_row vc_row-fluid\">\n\t<div class=\"vc_span12 wpb_column column_container\">\n\t\t<div class=\"wpb_wrapper\">\n\t\t\t\n\n\t<div class=\"wpb_tabs wpb_content_element\" data-interval=\"0\">\n\t\t<div class=\"wpb_wrapper wpb_tour_tabs_wrapper ui-tabs clearfix\">\n\t\t\t<ul class=\"wpb_tabs_nav ui-tabs-nav clearfix\"><li><a href=\"#tab-1465372676-1-57\">Sz\u00e9ps\u00e9gszalon<\/a><\/li><li><a href=\"#tab-1465372676-2-24\">Anita Szempill\u00e1i<\/a><\/li><li><a href=\"#tab-1465372890505-2-0\">Orsi K\u00f6rmei<\/a><\/li><li><a href=\"#tab-1465372890505-2-1\">Lilla K\u00f6rmei<\/a><\/li><\/ul>\n\n\t\t\t\n\n\t\t\t<div id=\"tab-1465372676-1-57\" class=\"wpb_tab ui-tabs-panel wpb_ui-tabs-hide clearfix\">\n\t\t\t\t\n\t<div class=\"wpb_gallery wpb_content_element clearfix\">\n\t\t<div class=\"wpb_wrapper\"><div class=\"wpb_gallery_slides wpb_image_grid\" data-interval=\"3\"><ul class=\"wpb_image_grid_ul\"><li class=\"isotope-item\"><a class=\"prettyphoto\" href=\"https:\/\/crocusszepsegszalon.hu\/wp-content\/uploads\/2020\/02\/Szalon1.jpg\" rel=\"prettyPhoto[rel-1961096420]\"><img loading=\"lazy\" decoding=\"async\" src=\"https:\/\/crocusszepsegszalon.hu\/wp-content\/uploads\/2020\/02\/Szalon1-260x260.jpg\" width=\"260\" height=\"260\" alt=\"Szalon1\" \/><\/a><\/li><li class=\"isotope-item\"><a class=\"prettyphoto\" href=\"https:\/\/crocusszepsegszalon.hu\/wp-content\/uploads\/2020\/02\/Szalon2.jpg\" rel=\"prettyPhoto[rel-1961096420]\"><img loading=\"lazy\" decoding=\"async\" src=\"https:\/\/crocusszepsegszalon.hu\/wp-content\/uploads\/2020\/02\/Szalon2-260x260.jpg\" width=\"260\" height=\"260\" alt=\"Szalon2\" \/><\/a><\/li><li class=\"isotope-item\"><a class=\"prettyphoto\" href=\"https:\/\/crocusszepsegszalon.hu\/wp-content\/uploads\/2020\/02\/Szalon3.jpg\" rel=\"prettyPhoto[rel-1961096420]\"><img loading=\"lazy\" decoding=\"async\" src=\"https:\/\/crocusszepsegszalon.hu\/wp-content\/uploads\/2020\/02\/Szalon3-260x260.jpg\" width=\"260\" height=\"260\" alt=\"Szalon3\" \/><\/a><\/li><li class=\"isotope-item\"><a class=\"prettyphoto\" href=\"https:\/\/crocusszepsegszalon.hu\/wp-content\/uploads\/2020\/02\/Szalon4.jpg\" rel=\"prettyPhoto[rel-1961096420]\"><img loading=\"lazy\" decoding=\"async\" src=\"https:\/\/crocusszepsegszalon.hu\/wp-content\/uploads\/2020\/02\/Szalon4-260x260.jpg\" width=\"260\" height=\"260\" alt=\"Szalon4\" \/><\/a><\/li><li class=\"isotope-item\"><a class=\"prettyphoto\" href=\"https:\/\/crocusszepsegszalon.hu\/wp-content\/uploads\/2020\/02\/Szalon5.jpg\" rel=\"prettyPhoto[rel-1961096420]\"><img loading=\"lazy\" decoding=\"async\" src=\"https:\/\/crocusszepsegszalon.hu\/wp-content\/uploads\/2020\/02\/Szalon5-260x260.jpg\" width=\"260\" height=\"260\" alt=\"Szalon5\" \/><\/a><\/li><li class=\"isotope-item\"><a class=\"prettyphoto\" href=\"https:\/\/crocusszepsegszalon.hu\/wp-content\/uploads\/2020\/02\/Szalon6.jpg\" rel=\"prettyPhoto[rel-1961096420]\"><img loading=\"lazy\" decoding=\"async\" src=\"https:\/\/crocusszepsegszalon.hu\/wp-content\/uploads\/2020\/02\/Szalon6-260x260.jpg\" width=\"260\" height=\"260\" alt=\"Szalon6\" \/><\/a><\/li><li class=\"isotope-item\"><a class=\"prettyphoto\" href=\"https:\/\/crocusszepsegszalon.hu\/wp-content\/uploads\/2020\/02\/Szalon7.jpg\" rel=\"prettyPhoto[rel-1961096420]\"><img loading=\"lazy\" decoding=\"async\" src=\"https:\/\/crocusszepsegszalon.hu\/wp-content\/uploads\/2020\/02\/Szalon7-260x260.jpg\" width=\"260\" height=\"260\" alt=\"Szalon7\" \/><\/a><\/li><li class=\"isotope-item\"><a class=\"prettyphoto\" href=\"https:\/\/crocusszepsegszalon.hu\/wp-content\/uploads\/2020\/02\/Szalon8.jpg\" rel=\"prettyPhoto[rel-1961096420]\"><img loading=\"lazy\" decoding=\"async\" src=\"https:\/\/crocusszepsegszalon.hu\/wp-content\/uploads\/2020\/02\/Szalon8-260x260.jpg\" width=\"260\" height=\"260\" alt=\"Szalon8\" \/><\/a><\/li><li class=\"isotope-item\"><a class=\"prettyphoto\" href=\"https:\/\/crocusszepsegszalon.hu\/wp-content\/uploads\/2020\/02\/Szalon9.jpg\" rel=\"prettyPhoto[rel-1961096420]\"><img loading=\"lazy\" decoding=\"async\" src=\"https:\/\/crocusszepsegszalon.hu\/wp-content\/uploads\/2020\/02\/Szalon9-260x260.jpg\" width=\"260\" height=\"260\" alt=\"Szalon9\" \/><\/a><\/li><\/ul><\/div>\n\t\t<\/div> \n\t<\/div> \n\n\t\t\t<\/div> \n\t\t\t<div id=\"tab-1465372676-2-24\" class=\"wpb_tab ui-tabs-panel wpb_ui-tabs-hide clearfix\">\n\t\t\t\t\n\t<div class=\"wpb_gallery wpb_content_element clearfix\">\n\t\t<div class=\"wpb_wrapper\"><div class=\"wpb_gallery_slides wpb_image_grid\" data-interval=\"3\"><ul class=\"wpb_image_grid_ul\"><li class=\"isotope-item\"><a class=\"prettyphoto\" href=\"https:\/\/crocusszepsegszalon.hu\/wp-content\/uploads\/2020\/07\/41-1024x768.jpg\" rel=\"prettyPhoto[rel-1751295350]\"><img loading=\"lazy\" decoding=\"async\" src=\"https:\/\/crocusszepsegszalon.hu\/wp-content\/uploads\/2020\/07\/41-260x260.jpg\" width=\"260\" height=\"260\" alt=\"41\" \/><\/a><\/li><li class=\"isotope-item\"><a class=\"prettyphoto\" href=\"https:\/\/crocusszepsegszalon.hu\/wp-content\/uploads\/2020\/07\/42-1024x1024.jpg\" rel=\"prettyPhoto[rel-1751295350]\"><img loading=\"lazy\" decoding=\"async\" src=\"https:\/\/crocusszepsegszalon.hu\/wp-content\/uploads\/2020\/07\/42-260x260.jpg\" width=\"260\" height=\"260\" alt=\"42\" \/><\/a><\/li><li class=\"isotope-item\"><a class=\"prettyphoto\" href=\"https:\/\/crocusszepsegszalon.hu\/wp-content\/uploads\/2020\/07\/43-1024x1024.jpg\" rel=\"prettyPhoto[rel-1751295350]\"><img loading=\"lazy\" decoding=\"async\" src=\"https:\/\/crocusszepsegszalon.hu\/wp-content\/uploads\/2020\/07\/43-260x260.jpg\" width=\"260\" height=\"260\" alt=\"43\" \/><\/a><\/li><li class=\"isotope-item\"><a class=\"prettyphoto\" href=\"https:\/\/crocusszepsegszalon.hu\/wp-content\/uploads\/2020\/07\/45.jpg\" rel=\"prettyPhoto[rel-1751295350]\"><img loading=\"lazy\" decoding=\"async\" src=\"https:\/\/crocusszepsegszalon.hu\/wp-content\/uploads\/2020\/07\/45-260x260.jpg\" width=\"260\" height=\"260\" alt=\"45\" \/><\/a><\/li><li class=\"isotope-item\"><a class=\"prettyphoto\" href=\"https:\/\/crocusszepsegszalon.hu\/wp-content\/uploads\/2020\/07\/46-1024x1024.jpg\" rel=\"prettyPhoto[rel-1751295350]\"><img loading=\"lazy\" decoding=\"async\" src=\"https:\/\/crocusszepsegszalon.hu\/wp-content\/uploads\/2020\/07\/46-260x260.jpg\" width=\"260\" height=\"260\" alt=\"46\" \/><\/a><\/li><li class=\"isotope-item\"><a class=\"prettyphoto\" href=\"https:\/\/crocusszepsegszalon.hu\/wp-content\/uploads\/2020\/07\/50-1024x1024.jpg\" rel=\"prettyPhoto[rel-1751295350]\"><img loading=\"lazy\" decoding=\"async\" src=\"https:\/\/crocusszepsegszalon.hu\/wp-content\/uploads\/2020\/07\/50-260x260.jpg\" width=\"260\" height=\"260\" alt=\"50\" \/><\/a><\/li><li class=\"isotope-item\"><a class=\"prettyphoto\" href=\"https:\/\/crocusszepsegszalon.hu\/wp-content\/uploads\/2020\/07\/49-1024x768.jpg\" rel=\"prettyPhoto[rel-1751295350]\"><img loading=\"lazy\" decoding=\"async\" src=\"https:\/\/crocusszepsegszalon.hu\/wp-content\/uploads\/2020\/07\/49-260x260.jpg\" width=\"260\" height=\"260\" alt=\"49\" \/><\/a><\/li><li class=\"isotope-item\"><a class=\"prettyphoto\" href=\"https:\/\/crocusszepsegszalon.hu\/wp-content\/uploads\/2020\/07\/53-1024x768.jpg\" rel=\"prettyPhoto[rel-1751295350]\"><img loading=\"lazy\" decoding=\"async\" src=\"https:\/\/crocusszepsegszalon.hu\/wp-content\/uploads\/2020\/07\/53-260x260.jpg\" width=\"260\" height=\"260\" alt=\"53\" \/><\/a><\/li><li class=\"isotope-item\"><a class=\"prettyphoto\" href=\"https:\/\/crocusszepsegszalon.hu\/wp-content\/uploads\/2020\/07\/55-1024x1024.jpg\" rel=\"prettyPhoto[rel-1751295350]\"><img loading=\"lazy\" decoding=\"async\" src=\"https:\/\/crocusszepsegszalon.hu\/wp-content\/uploads\/2020\/07\/55-260x260.jpg\" width=\"260\" height=\"260\" alt=\"55\" \/><\/a><\/li><li class=\"isotope-item\"><a class=\"prettyphoto\" href=\"https:\/\/crocusszepsegszalon.hu\/wp-content\/uploads\/2020\/07\/7-768x1024.jpg\" rel=\"prettyPhoto[rel-1751295350]\"><img loading=\"lazy\" decoding=\"async\" src=\"https:\/\/crocusszepsegszalon.hu\/wp-content\/uploads\/2020\/07\/7-260x260.jpg\" width=\"260\" height=\"260\" alt=\"7\" \/><\/a><\/li><li class=\"isotope-item\"><a class=\"prettyphoto\" href=\"https:\/\/crocusszepsegszalon.hu\/wp-content\/uploads\/2020\/07\/1-1024x683.jpeg\" rel=\"prettyPhoto[rel-1751295350]\"><img loading=\"lazy\" decoding=\"async\" src=\"https:\/\/crocusszepsegszalon.hu\/wp-content\/uploads\/2020\/07\/1-scaled-260x260.jpeg\" width=\"260\" height=\"260\" alt=\"1\" \/><\/a><\/li><li class=\"isotope-item\"><a class=\"prettyphoto\" href=\"https:\/\/crocusszepsegszalon.hu\/wp-content\/uploads\/2020\/03\/19-1024x571.jpg\" rel=\"prettyPhoto[rel-1751295350]\"><img loading=\"lazy\" decoding=\"async\" src=\"https:\/\/crocusszepsegszalon.hu\/wp-content\/uploads\/2020\/03\/19-260x260.jpg\" width=\"260\" height=\"260\" alt=\"19\" \/><\/a><\/li><li class=\"isotope-item\"><a class=\"prettyphoto\" href=\"https:\/\/crocusszepsegszalon.hu\/wp-content\/uploads\/2020\/03\/18.jpg\" rel=\"prettyPhoto[rel-1751295350]\"><img loading=\"lazy\" decoding=\"async\" src=\"https:\/\/crocusszepsegszalon.hu\/wp-content\/uploads\/2020\/03\/18-260x260.jpg\" width=\"260\" height=\"260\" alt=\"18\" \/><\/a><\/li><li class=\"isotope-item\"><a class=\"prettyphoto\" href=\"https:\/\/crocusszepsegszalon.hu\/wp-content\/uploads\/2020\/03\/17.jpg\" rel=\"prettyPhoto[rel-1751295350]\"><img loading=\"lazy\" decoding=\"async\" src=\"https:\/\/crocusszepsegszalon.hu\/wp-content\/uploads\/2020\/03\/17-260x260.jpg\" width=\"260\" height=\"260\" alt=\"17\" \/><\/a><\/li><li class=\"isotope-item\"><a class=\"prettyphoto\" href=\"https:\/\/crocusszepsegszalon.hu\/wp-content\/uploads\/2020\/03\/15.jpg\" rel=\"prettyPhoto[rel-1751295350]\"><img loading=\"lazy\" decoding=\"async\" src=\"https:\/\/crocusszepsegszalon.hu\/wp-content\/uploads\/2020\/03\/15-260x260.jpg\" width=\"260\" height=\"260\" alt=\"15\" \/><\/a><\/li><li class=\"isotope-item\"><a class=\"prettyphoto\" href=\"https:\/\/crocusszepsegszalon.hu\/wp-content\/uploads\/2020\/03\/14-1024x576.jpg\" rel=\"prettyPhoto[rel-1751295350]\"><img loading=\"lazy\" decoding=\"async\" src=\"https:\/\/crocusszepsegszalon.hu\/wp-content\/uploads\/2020\/03\/14-260x260.jpg\" width=\"260\" height=\"260\" alt=\"14\" \/><\/a><\/li><li class=\"isotope-item\"><a class=\"prettyphoto\" href=\"https:\/\/crocusszepsegszalon.hu\/wp-content\/uploads\/2020\/03\/13.jpg\" rel=\"prettyPhoto[rel-1751295350]\"><img loading=\"lazy\" decoding=\"async\" src=\"https:\/\/crocusszepsegszalon.hu\/wp-content\/uploads\/2020\/03\/13-260x260.jpg\" width=\"260\" height=\"260\" alt=\"13\" \/><\/a><\/li><li class=\"isotope-item\"><a class=\"prettyphoto\" href=\"https:\/\/crocusszepsegszalon.hu\/wp-content\/uploads\/2020\/02\/7.jpg\" rel=\"prettyPhoto[rel-1751295350]\"><img loading=\"lazy\" decoding=\"async\" src=\"https:\/\/crocusszepsegszalon.hu\/wp-content\/uploads\/2020\/02\/7-260x260.jpg\" width=\"260\" height=\"260\" alt=\"7\" \/><\/a><\/li><li class=\"isotope-item\"><a class=\"prettyphoto\" href=\"https:\/\/crocusszepsegszalon.hu\/wp-content\/uploads\/2020\/02\/8.jpg\" rel=\"prettyPhoto[rel-1751295350]\"><img loading=\"lazy\" decoding=\"async\" src=\"https:\/\/crocusszepsegszalon.hu\/wp-content\/uploads\/2020\/02\/8-260x260.jpg\" width=\"260\" height=\"260\" alt=\"8\" \/><\/a><\/li><li class=\"isotope-item\"><a class=\"prettyphoto\" href=\"https:\/\/crocusszepsegszalon.hu\/wp-content\/uploads\/2020\/02\/9-768x1024.jpg\" rel=\"prettyPhoto[rel-1751295350]\"><img loading=\"lazy\" decoding=\"async\" src=\"https:\/\/crocusszepsegszalon.hu\/wp-content\/uploads\/2020\/02\/9-260x260.jpg\" width=\"260\" height=\"260\" alt=\"9\" \/><\/a><\/li><li class=\"isotope-item\"><a class=\"prettyphoto\" href=\"https:\/\/crocusszepsegszalon.hu\/wp-content\/uploads\/2020\/02\/11-1024x508.jpg\" rel=\"prettyPhoto[rel-1751295350]\"><img loading=\"lazy\" decoding=\"async\" src=\"https:\/\/crocusszepsegszalon.hu\/wp-content\/uploads\/2020\/02\/11-260x260.jpg\" width=\"260\" height=\"260\" alt=\"11\" \/><\/a><\/li><li class=\"isotope-item\"><a class=\"prettyphoto\" href=\"https:\/\/crocusszepsegszalon.hu\/wp-content\/uploads\/2020\/02\/12-1024x575.jpg\" rel=\"prettyPhoto[rel-1751295350]\"><img loading=\"lazy\" decoding=\"async\" src=\"https:\/\/crocusszepsegszalon.hu\/wp-content\/uploads\/2020\/02\/12-260x260.jpg\" width=\"260\" height=\"260\" alt=\"12\" \/><\/a><\/li><li class=\"isotope-item\"><a class=\"prettyphoto\" href=\"https:\/\/crocusszepsegszalon.hu\/wp-content\/uploads\/2020\/02\/1-768x1024.jpg\" rel=\"prettyPhoto[rel-1751295350]\"><img loading=\"lazy\" decoding=\"async\" src=\"https:\/\/crocusszepsegszalon.hu\/wp-content\/uploads\/2020\/02\/1-260x260.jpg\" width=\"260\" height=\"260\" alt=\"1\" \/><\/a><\/li><li class=\"isotope-item\"><a class=\"prettyphoto\" href=\"https:\/\/crocusszepsegszalon.hu\/wp-content\/uploads\/2020\/02\/2-1024x768.jpg\" rel=\"prettyPhoto[rel-1751295350]\"><img loading=\"lazy\" decoding=\"async\" src=\"https:\/\/crocusszepsegszalon.hu\/wp-content\/uploads\/2020\/02\/2-260x260.jpg\" width=\"260\" height=\"260\" alt=\"2\" \/><\/a><\/li><li class=\"isotope-item\"><a class=\"prettyphoto\" href=\"https:\/\/crocusszepsegszalon.hu\/wp-content\/uploads\/2020\/02\/3-1024x1024.jpg\" rel=\"prettyPhoto[rel-1751295350]\"><img loading=\"lazy\" decoding=\"async\" src=\"https:\/\/crocusszepsegszalon.hu\/wp-content\/uploads\/2020\/02\/3-260x260.jpg\" width=\"260\" height=\"260\" alt=\"3\" \/><\/a><\/li><li class=\"isotope-item\"><a class=\"prettyphoto\" href=\"https:\/\/crocusszepsegszalon.hu\/wp-content\/uploads\/2020\/02\/4-768x1024.jpg\" rel=\"prettyPhoto[rel-1751295350]\"><img loading=\"lazy\" decoding=\"async\" src=\"https:\/\/crocusszepsegszalon.hu\/wp-content\/uploads\/2020\/02\/4-260x260.jpg\" width=\"260\" height=\"260\" alt=\"4\" \/><\/a><\/li><li class=\"isotope-item\"><a class=\"prettyphoto\" href=\"https:\/\/crocusszepsegszalon.hu\/wp-content\/uploads\/2020\/02\/5.jpg\" rel=\"prettyPhoto[rel-1751295350]\"><img loading=\"lazy\" decoding=\"async\" src=\"https:\/\/crocusszepsegszalon.hu\/wp-content\/uploads\/2020\/02\/5-260x260.jpg\" width=\"260\" height=\"260\" alt=\"5\" \/><\/a><\/li><li class=\"isotope-item\"><a class=\"prettyphoto\" href=\"https:\/\/crocusszepsegszalon.hu\/wp-content\/uploads\/2020\/02\/6-1024x379.jpg\" rel=\"prettyPhoto[rel-1751295350]\"><img loading=\"lazy\" decoding=\"async\" src=\"https:\/\/crocusszepsegszalon.hu\/wp-content\/uploads\/2020\/02\/6-260x260.jpg\" width=\"260\" height=\"260\" alt=\"6\" \/><\/a><\/li><\/ul><\/div>\n\t\t<\/div> \n\t<\/div> \n\n\t\t\t<\/div> \n\t\t\t<div id=\"tab-1465372890505-2-0\" class=\"wpb_tab ui-tabs-panel wpb_ui-tabs-hide clearfix\">\n\t\t\t\t\n\t<div class=\"wpb_gallery wpb_content_element clearfix\">\n\t\t<div class=\"wpb_wrapper\"><div class=\"wpb_gallery_slides wpb_image_grid\" data-interval=\"3\"><ul class=\"wpb_image_grid_ul\"><li class=\"isotope-item\"><a class=\"prettyphoto\" href=\"http:\/\/placekitten.com\/g\/1024\/768\" rel=\"prettyPhoto[rel-294333030]\"><img decoding=\"async\" src=\"http:\/\/placekitten.com\/g\/400\/300\" \/><\/a><\/li><li class=\"isotope-item\"><a class=\"prettyphoto\" href=\"http:\/\/placekitten.com\/g\/1024\/768\" rel=\"prettyPhoto[rel-294333030]\"><img decoding=\"async\" src=\"http:\/\/placekitten.com\/g\/401\/300\" \/><\/a><\/li><li class=\"isotope-item\"><a class=\"prettyphoto\" href=\"http:\/\/placekitten.com\/g\/1024\/768\" rel=\"prettyPhoto[rel-294333030]\"><img decoding=\"async\" src=\"http:\/\/placekitten.com\/g\/402\/300\" \/><\/a><\/li><\/ul><\/div>\n\t\t<\/div> \n\t<\/div> \n\t\t\t<\/div> \n\n\t\t\t<div id=\"tab-1465372890505-2-1\" class=\"wpb_tab ui-tabs-panel wpb_ui-tabs-hide clearfix\">\n\t\t\t\t\n\t<div class=\"wpb_gallery wpb_content_element clearfix\">\n\t\t<div class=\"wpb_wrapper\"><div class=\"wpb_gallery_slides wpb_image_grid\" data-interval=\"3\"><ul class=\"wpb_image_grid_ul\"><li class=\"isotope-item\"><a class=\"prettyphoto\" href=\"https:\/\/crocusszepsegszalon.hu\/wp-content\/uploads\/2021\/05\/image_50397185-1024x1024.jpg\" rel=\"prettyPhoto[rel-705629841]\"><img loading=\"lazy\" decoding=\"async\" src=\"https:\/\/crocusszepsegszalon.hu\/wp-content\/uploads\/2021\/05\/image_50397185-scaled-260x260.jpg\" width=\"260\" height=\"260\" alt=\"image_50397185\" \/><\/a><\/li><li class=\"isotope-item\"><a class=\"prettyphoto\" href=\"https:\/\/crocusszepsegszalon.hu\/wp-content\/uploads\/2021\/05\/image_6483441_10-1024x1024.jpg\" rel=\"prettyPhoto[rel-705629841]\"><img loading=\"lazy\" decoding=\"async\" src=\"https:\/\/crocusszepsegszalon.hu\/wp-content\/uploads\/2021\/05\/image_6483441_10-scaled-260x260.jpg\" width=\"260\" height=\"260\" alt=\"image_6483441_10\" \/><\/a><\/li><li class=\"isotope-item\"><a class=\"prettyphoto\" href=\"https:\/\/crocusszepsegszalon.hu\/wp-content\/uploads\/2021\/05\/image_6483441_11-1024x1024.jpg\" rel=\"prettyPhoto[rel-705629841]\"><img loading=\"lazy\" decoding=\"async\" src=\"https:\/\/crocusszepsegszalon.hu\/wp-content\/uploads\/2021\/05\/image_6483441_11-260x260.jpg\" width=\"260\" height=\"260\" alt=\"image_6483441_11\" \/><\/a><\/li><li class=\"isotope-item\"><a class=\"prettyphoto\" href=\"https:\/\/crocusszepsegszalon.hu\/wp-content\/uploads\/2021\/05\/image_6483441_12-1024x1024.jpg\" rel=\"prettyPhoto[rel-705629841]\"><img loading=\"lazy\" decoding=\"async\" src=\"https:\/\/crocusszepsegszalon.hu\/wp-content\/uploads\/2021\/05\/image_6483441_12-scaled-260x260.jpg\" width=\"260\" height=\"260\" alt=\"image_6483441_12\" \/><\/a><\/li><li class=\"isotope-item\"><a class=\"prettyphoto\" href=\"\" rel=\"prettyPhoto[rel-705629841]\"><img decoding=\"async\" src=\"\" width=\"\" height=\"\" alt=\"\" \/><\/a><\/li><li class=\"isotope-item\"><a class=\"prettyphoto\" href=\"https:\/\/crocusszepsegszalon.hu\/wp-content\/uploads\/2021\/05\/image_6483441_2-1024x1024.jpg\" rel=\"prettyPhoto[rel-705629841]\"><img loading=\"lazy\" decoding=\"async\" src=\"https:\/\/crocusszepsegszalon.hu\/wp-content\/uploads\/2021\/05\/image_6483441_2-scaled-260x260.jpg\" width=\"260\" height=\"260\" alt=\"image_6483441_2\" \/><\/a><\/li><li class=\"isotope-item\"><a class=\"prettyphoto\" href=\"https:\/\/crocusszepsegszalon.hu\/wp-content\/uploads\/2021\/05\/image_6483441_3.jpg\" rel=\"prettyPhoto[rel-705629841]\"><img loading=\"lazy\" decoding=\"async\" src=\"https:\/\/crocusszepsegszalon.hu\/wp-content\/uploads\/2021\/05\/image_6483441_3-260x260.jpg\" width=\"260\" height=\"260\" alt=\"image_6483441_3\" \/><\/a><\/li><li class=\"isotope-item\"><a class=\"prettyphoto\" href=\"https:\/\/crocusszepsegszalon.hu\/wp-content\/uploads\/2021\/05\/image_6483441_4-1024x1024.jpg\" rel=\"prettyPhoto[rel-705629841]\"><img loading=\"lazy\" decoding=\"async\" src=\"https:\/\/crocusszepsegszalon.hu\/wp-content\/uploads\/2021\/05\/image_6483441_4-scaled-260x260.jpg\" width=\"260\" height=\"260\" alt=\"image_6483441_4\" \/><\/a><\/li><li class=\"isotope-item\"><a class=\"prettyphoto\" href=\"https:\/\/crocusszepsegszalon.hu\/wp-content\/uploads\/2021\/05\/image_6483441_5-1024x1024.jpg\" rel=\"prettyPhoto[rel-705629841]\"><img loading=\"lazy\" decoding=\"async\" src=\"https:\/\/crocusszepsegszalon.hu\/wp-content\/uploads\/2021\/05\/image_6483441_5-260x260.jpg\" width=\"260\" height=\"260\" alt=\"image_6483441_5\" \/><\/a><\/li><li class=\"isotope-item\"><a class=\"prettyphoto\" href=\"https:\/\/crocusszepsegszalon.hu\/wp-content\/uploads\/2021\/05\/image_6483441_6-1024x1024.jpg\" rel=\"prettyPhoto[rel-705629841]\"><img loading=\"lazy\" decoding=\"async\" src=\"https:\/\/crocusszepsegszalon.hu\/wp-content\/uploads\/2021\/05\/image_6483441_6-scaled-260x260.jpg\" width=\"260\" height=\"260\" alt=\"image_6483441_6\" \/><\/a><\/li><li class=\"isotope-item\"><a class=\"prettyphoto\" href=\"https:\/\/crocusszepsegszalon.hu\/wp-content\/uploads\/2021\/05\/image_6483441_7-1024x1024.jpg\" rel=\"prettyPhoto[rel-705629841]\"><img loading=\"lazy\" decoding=\"async\" src=\"https:\/\/crocusszepsegszalon.hu\/wp-content\/uploads\/2021\/05\/image_6483441_7-scaled-260x260.jpg\" width=\"260\" height=\"260\" alt=\"image_6483441_7\" \/><\/a><\/li><li class=\"isotope-item\"><a class=\"prettyphoto\" href=\"https:\/\/crocusszepsegszalon.hu\/wp-content\/uploads\/2021\/05\/image_6483441_8-1024x1024.jpg\" rel=\"prettyPhoto[rel-705629841]\"><img loading=\"lazy\" decoding=\"async\" src=\"https:\/\/crocusszepsegszalon.hu\/wp-content\/uploads\/2021\/05\/image_6483441_8-scaled-260x260.jpg\" width=\"260\" height=\"260\" alt=\"image_6483441_8\" \/><\/a><\/li><li class=\"isotope-item\"><a class=\"prettyphoto\" href=\"https:\/\/crocusszepsegszalon.hu\/wp-content\/uploads\/2021\/05\/image_6483441_9-1024x1024.jpg\" rel=\"prettyPhoto[rel-705629841]\"><img loading=\"lazy\" decoding=\"async\" src=\"https:\/\/crocusszepsegszalon.hu\/wp-content\/uploads\/2021\/05\/image_6483441_9-scaled-260x260.jpg\" width=\"260\" height=\"260\" alt=\"image_6483441_9\" \/><\/a><\/li><li class=\"isotope-item\"><a class=\"prettyphoto\" href=\"https:\/\/crocusszepsegszalon.hu\/wp-content\/uploads\/2021\/05\/image_67195393-1024x1024.jpg\" rel=\"prettyPhoto[rel-705629841]\"><img loading=\"lazy\" decoding=\"async\" src=\"https:\/\/crocusszepsegszalon.hu\/wp-content\/uploads\/2021\/05\/image_67195393-scaled-260x260.jpg\" width=\"260\" height=\"260\" alt=\"image_67195393\" \/><\/a><\/li><li class=\"isotope-item\"><a class=\"prettyphoto\" href=\"https:\/\/crocusszepsegszalon.hu\/wp-content\/uploads\/2021\/05\/image_67205633-768x1024.jpg\" rel=\"prettyPhoto[rel-705629841]\"><img loading=\"lazy\" decoding=\"async\" src=\"https:\/\/crocusszepsegszalon.hu\/wp-content\/uploads\/2021\/05\/image_67205633-scaled-260x260.jpg\" width=\"260\" height=\"260\" alt=\"image_67205633\" \/><\/a><\/li><li class=\"isotope-item\"><a class=\"prettyphoto\" href=\"https:\/\/crocusszepsegszalon.hu\/wp-content\/uploads\/2021\/05\/image_67250433-1024x1024.jpg\" rel=\"prettyPhoto[rel-705629841]\"><img loading=\"lazy\" decoding=\"async\" src=\"https:\/\/crocusszepsegszalon.hu\/wp-content\/uploads\/2021\/05\/image_67250433-scaled-260x260.jpg\" width=\"260\" height=\"260\" alt=\"image_67250433\" \/><\/a><\/li><li class=\"isotope-item\"><a class=\"prettyphoto\" href=\"https:\/\/crocusszepsegszalon.hu\/wp-content\/uploads\/2021\/05\/image_6483441-1024x1024.jpg\" rel=\"prettyPhoto[rel-705629841]\"><img loading=\"lazy\" decoding=\"async\" src=\"https:\/\/crocusszepsegszalon.hu\/wp-content\/uploads\/2021\/05\/image_6483441-scaled-260x260.jpg\" width=\"260\" height=\"260\" alt=\"image_6483441\" \/><\/a><\/li><li class=\"isotope-item\"><a class=\"prettyphoto\" href=\"https:\/\/crocusszepsegszalon.hu\/wp-content\/uploads\/2021\/05\/image_6483441_1-1024x1024.jpg\" rel=\"prettyPhoto[rel-705629841]\"><img loading=\"lazy\" decoding=\"async\" src=\"https:\/\/crocusszepsegszalon.hu\/wp-content\/uploads\/2021\/05\/image_6483441_1-scaled-260x260.jpg\" width=\"260\" height=\"260\" alt=\"image_6483441_1\" \/><\/a><\/li><\/ul><\/div>\n\t\t<\/div> \n\t<\/div> \n\t\t\t<\/div> \n\n\t\t<\/div> \n\t<\/div> \n\t\t<\/div> \n\t<\/div> \n<\/div>\n","protected":false},"excerpt":{"rendered":"Sz\u00e9ps\u00e9gszalonAnita Szempill\u00e1iOrsi K\u00f6rmeiLilla K\u00f6rmei","protected":false},"author":985464,"featured_media":0,"parent":0,"menu_order":0,"comment_status":"closed","ping_status":"closed","template":"","meta":{"footnotes":""},"class_list":["post-60","page","type-page","status-publish","hentry"],"_links":{"self":[{"href":"https:\/\/crocusszepsegszalon.hu\/index.php?rest_route=\/wp\/v2\/pages\/60","targetHints":{"allow":["GET"]}}],"collection":[{"href":"https:\/\/crocusszepsegszalon.hu\/index.php?rest_route=\/wp\/v2\/pages"}],"about":[{"href":"https:\/\/crocusszepsegszalon.hu\/index.php?rest_route=\/wp\/v2\/types\/page"}],"author":[{"embeddable":true,"href":"https:\/\/crocusszepsegszalon.hu\/index.php?rest_route=\/wp\/v2\/users\/985464"}],"replies":[{"embeddable":true,"href":"https:\/\/crocusszepsegszalon.hu\/index.php?rest_route=%2Fwp%2Fv2%2Fcomments&post=60"}],"version-history":[{"count":36,"href":"https:\/\/crocusszepsegszalon.hu\/index.php?rest_route=\/wp\/v2\/pages\/60\/revisions"}],"predecessor-version":[{"id":4177,"href":"https:\/\/crocusszepsegszalon.hu\/index.php?rest_route=\/wp\/v2\/pages\/60\/revisions\/4177"}],"wp:attachment":[{"href":"https:\/\/crocusszepsegszalon.hu\/index.php?rest_route=%2Fwp%2Fv2%2Fmedia&parent=60"}],"curies":[{"name":"wp","href":"https:\/\/api.w.org\/{rel}","templated":true}]}}