{"id":66,"date":"2013-12-05T06:33:42","date_gmt":"2013-12-05T06:33:42","guid":{"rendered":"https:\/\/crocusszepsegszalon.hu\/?page_id=66"},"modified":"2022-12-12T11:14:34","modified_gmt":"2022-12-12T10:14:34","slug":"contact-us","status":"publish","type":"page","link":"https:\/\/crocusszepsegszalon.hu\/?page_id=66","title":{"rendered":"Kapcsolat"},"content":{"rendered":"<div class=\"wpb_row vc_row-fluid\">\n\t<div class=\"vc_span4 wpb_column column_container\">\n\t\t<div class=\"wpb_wrapper\">\n\t\t\t\n\t<div class=\"wpb_single_image wpb_content_element vc_align_right\">\n\t\t<div class=\"wpb_wrapper\">\n\t\t\t\n\t\t\t<img loading=\"lazy\" decoding=\"async\" width=\"213\" height=\"300\" src=\"https:\/\/crocusszepsegszalon.hu\/wp-content\/uploads\/2013\/12\/T\u00f6r\u0151csik-Anita-213x300.jpg\" class=\"attachment-medium size-medium\" alt=\"\" srcset=\"https:\/\/crocusszepsegszalon.hu\/wp-content\/uploads\/2013\/12\/T\u00f6r\u0151csik-Anita-213x300.jpg 213w, https:\/\/crocusszepsegszalon.hu\/wp-content\/uploads\/2013\/12\/T\u00f6r\u0151csik-Anita-729x1024.jpg 729w, https:\/\/crocusszepsegszalon.hu\/wp-content\/uploads\/2013\/12\/T\u00f6r\u0151csik-Anita.jpg 912w\" sizes=\"auto, (max-width: 213px) 100vw, 213px\" \/>\n\t\t<\/div> \n\t<\/div> \n\t\t<\/div> \n\t<\/div> \n\n\t<div class=\"vc_span4 wpb_column column_container\">\n\t\t<div class=\"wpb_wrapper\">\n\t\t\t\n\t<div class=\"wpb_text_column wpb_content_element \">\n\t\t<div class=\"wpb_wrapper\">\n\t\t\t<p>Sok szeretettel v\u00e1rok mindenkinek a sz\u00e9ps\u00e9gkuck\u00f3mba!<\/p>\n<p>Ha nem siker\u00fclt el\u00e9rni telefonon, annak az az oka, hogy mik\u00f6zben dolgozom a vend\u00e9geimet megtisztelem azzal, hogy nem kapkodom fel a telefont. Ebben az esetben k\u00e9rlek hagyj \u00fczenetet emailben, Viberen vagy v\u00e1rd meg, am\u00edg visszah\u00edvlak. Mindenkit igyekszem visszah\u00edvni, amint van egy kis sz\u00fcnetem k\u00e9t vend\u00e9g k\u00f6z\u00f6tt.<\/p>\n<p>K\u00f6sz\u00f6n\u00f6m a meg\u00e9rt\u00e9seteket!<\/p>\n\n\t\t<\/div> \n\t<\/div> \n\t\t<\/div> \n\t<\/div> \n\n<\/div>\n<div class=\"wpb_row vc_row-fluid\">\n\t<div class=\"vc_span12 wpb_column column_container\">\n\t\t<div class=\"wpb_wrapper\">\n\t\t\t\n\t\t<\/div> \n\t<\/div> \n<\/div>\n<div class=\"wpb_row vc_row-fluid\">\n\t<div class=\"vc_span12 wpb_column column_container\">\n\t\t<div class=\"wpb_wrapper\">\n\t\t\t\n\t\t<\/div> \n\t<\/div> \n<\/div>\n<div class=\"wpb_row vc_row-fluid\">\n\t<div class=\"vc_span12 wpb_column column_container\">\n\t\t<div class=\"wpb_wrapper\">\n\t\t\t\n\t\t<\/div> \n\t<\/div> \n<\/div>\n<div class=\"wpb_row vc_row-fluid\">\n\t<div class=\"vc_span6 wpb_column column_container\">\n\t\t<div class=\"wpb_wrapper\">\n\t\t\t\n\t<div class=\"wpb_text_column wpb_content_element  wpb_animate_when_almost_visible wpb_top-to-bottom\">\n\t\t<div class=\"wpb_wrapper\">\n\t\t\t<h3>El\u00e9rhet\u0151s\u00e9gek<\/h3>\n<ul class=\"uk-list uk-list-line\">\n<li>1149 Budapest, Egressy \u00fat 110.<\/li>\n<li>+36-20 495-9222 &#8211; Orsi\/m\u0171k\u00f6r\u00f6m<\/li>\n<li>+36-30-688-4983 &#8211; Lilla\/m\u0171k\u00f6r\u00f6m\n<li>\n<li>+36-70 6000-825 &#8211; Anita\/m\u0171szempilla<\/li>\n<li>torocsikanita(kukac)crocusszepsegszalon.hu<\/li>\n<li>www.crocusszepsegszalon.hu<\/li>\n<\/ul>\n\n\t\t<\/div> \n\t<\/div> \n\t\t<\/div> \n\t<\/div> \n\n\t<div class=\"vc_span6 wpb_column column_container\">\n\t\t<div class=\"wpb_wrapper\">\n\t\t\t\n\t<div class=\"wpb_text_column wpb_content_element \">\n\t\t<div class=\"wpb_wrapper\">\n\t\t\t<h3>Megk\u00f6zel\u00edthet\u0151s\u00e9g<\/h3>\n<p><span style=\"text-decoration: underline;\"><strong>BKV-val:<\/strong><\/span><br \/>\nK\u00f6zel az \u00d6rs Vez\u00e9r tere \u00e9s a Bosny\u00e1k t\u00e9r is, Egressy t\u00e9ri meg\u00e1ll\u00f3ban kell lesz\u00e1llni, r\u00f6gt\u00f6n a troli meg\u00e1ll\u00f3 m\u00f6g\u00f6tt van a szalonunk.<br \/>\n77-es troli, 32-es busz, 3-62-es villamos.<br \/>\n<span style=\"text-decoration: underline;\"><strong>Aut\u00f3val:<\/strong><\/span><br \/>\nAz Egressy \u00fat 108-110 sz\u00e1m k\u00f6z\u00f6tt \u00e9rdemes parkolni valamelyik oldalon. Mindig van parkol\u00f3hely \u00e9s ingyenes a parkol\u00f3hely. Google \u00fatvonalterv: <a href=\"https:\/\/www.google.hu\/maps\/place\/Egressy+%C3%BAt+110,+Budapest,+1149\/@47.5142366,19.1167983,17z\/data=!3m1!4b1!4m2!3m1!1s0x4741db6715d92daf:0x8aee5d2b87d4cf5c?hl=hu\" target=\"_blank\" rel=\"noopener noreferrer\">T\u00c9RK\u00c9P<\/a><\/p>\n\n\t\t<\/div> \n\t<\/div> \n\t\t<\/div> \n\t<\/div> \n<\/div>\n<div class=\"wpb_row vc_row-fluid\">\n\t<div class=\"vc_span12 wpb_column column_container\">\n\t\t<div class=\"wpb_wrapper\">\n\t\t\t\n\t\t<\/div> \n\t<\/div> \n<\/div>\n","protected":false},"excerpt":{"rendered":"Sok szeretettel v\u00e1rok mindenkinek a sz\u00e9ps\u00e9gkuck\u00f3mba! Ha nem siker\u00fclt el\u00e9rni telefonon, annak az az oka, hogy mik\u00f6zben dolgozom a vend\u00e9geimet megtisztelem azzal, hogy nem kapkodom fel a telefont. Ebben az esetben k\u00e9rlek hagyj \u00fczenetet emailben, Viberen vagy v\u00e1rd meg, am\u00edg visszah\u00edvlak. Mindenkit igyekszem visszah\u00edvni, amint van egy kis sz\u00fcnetem k\u00e9t vend\u00e9g k\u00f6z\u00f6tt. K\u00f6sz\u00f6n\u00f6m a meg\u00e9rt\u00e9seteket! [...]","protected":false},"author":985464,"featured_media":0,"parent":0,"menu_order":0,"comment_status":"closed","ping_status":"closed","template":"","meta":{"footnotes":""},"class_list":["post-66","page","type-page","status-publish","hentry"],"_links":{"self":[{"href":"https:\/\/crocusszepsegszalon.hu\/index.php?rest_route=\/wp\/v2\/pages\/66","targetHints":{"allow":["GET"]}}],"collection":[{"href":"https:\/\/crocusszepsegszalon.hu\/index.php?rest_route=\/wp\/v2\/pages"}],"about":[{"href":"https:\/\/crocusszepsegszalon.hu\/index.php?rest_route=\/wp\/v2\/types\/page"}],"author":[{"embeddable":true,"href":"https:\/\/crocusszepsegszalon.hu\/index.php?rest_route=\/wp\/v2\/users\/985464"}],"replies":[{"embeddable":true,"href":"https:\/\/crocusszepsegszalon.hu\/index.php?rest_route=%2Fwp%2Fv2%2Fcomments&post=66"}],"version-history":[{"count":33,"href":"https:\/\/crocusszepsegszalon.hu\/index.php?rest_route=\/wp\/v2\/pages\/66\/revisions"}],"predecessor-version":[{"id":4213,"href":"https:\/\/crocusszepsegszalon.hu\/index.php?rest_route=\/wp\/v2\/pages\/66\/revisions\/4213"}],"wp:attachment":[{"href":"https:\/\/crocusszepsegszalon.hu\/index.php?rest_route=%2Fwp%2Fv2%2Fmedia&parent=66"}],"curies":[{"name":"wp","href":"https:\/\/api.w.org\/{rel}","templated":true}]}}