{"id":688,"date":"2014-01-24T06:23:28","date_gmt":"2014-01-24T06:23:28","guid":{"rendered":"https:\/\/crocusszepsegszalon.hu\/?page_id=688"},"modified":"2014-04-06T10:08:04","modified_gmt":"2014-04-06T10:08:04","slug":"services-page-3-column-2","status":"publish","type":"page","link":"https:\/\/crocusszepsegszalon.hu\/?page_id=688","title":{"rendered":"Szolg\u00e1ltat\u00e1sok"},"content":{"rendered":"<div class=\"wpb_row vc_row-fluid\">\n\t<div class=\"vc_span12 wpb_column column_container\">\n\t\t<div class=\"wpb_wrapper\">\n\t\t\t\n\t<div class=\"wpb_text_column wpb_content_element \">\n\t\t<div class=\"wpb_wrapper\">\n\t\t\t<p style=\"text-align: center;\">Az al\u00e1bbi szolg\u00e1ltat\u00e1scsoportokb\u00f3l \u00e9s szolg\u00e1ltat\u00e1sokb\u00f3l v\u00e1laszthatsz:<br \/>\nHa m\u00e1r tudod, hogy pontosan milyen szolg\u00e1ltat\u00e1scsoportot szeretn\u00e9l v\u00e1lasztani,<br \/>\nakkor c\u00e9lszer\u0171 haszn\u00e1lni a sz\u0171k\u00edt\u0151 opci\u00f3t, ahol kiz\u00e1r\u00f3lag a konkr\u00e9t szolg\u00e1ltat\u00e1sok jelenne meg.<\/p>\n\n\t\t<\/div> \n\t<\/div> \n\t<div class=\"wpb_teaser_grid wpb_content_element wpb_filtered_grid columns_count_3 grid_layout-thumbnail_title thumbnail_title_vc_span4 columns_count_3_thumbnail_title wpb_teaser_grid_services  box-rounded filter-center\">\n\t\t<div class=\"wpb_wrapper\"><div class=\"teaser_grid_container\"><ul class=\"categories_filter clearfix\"><li class=\"active\"><a href=\"#\" data-filter=\"*\">All<\/a><\/li><li><a href=\"#\" data-filter=\".grid-cat-42\">Manik\u0171r<\/a><\/li><li><a href=\"#\" data-filter=\".grid-cat-86\">M\u0171k\u00f6r\u00f6m\u00e9p\u00edt\u00e9s<\/a><\/li><\/ul><div class=\"clearfix\"><\/div><ul class=\"wpb_thumbnails wpb_thumbnails-fluid clearfix\" data-layout-mode=\"masonry\"><li class=\"isotope-item vc_span4\"><div class=\"post-thumb\"><a class=\"link_image\" href=\"https:\/\/crocusszepsegszalon.hu\/?services=muszempilla\" title=\"Permalink to M\u0171szempilla\"><img loading=\"lazy\" decoding=\"async\" src=\"https:\/\/crocusszepsegszalon.hu\/wp-content\/uploads\/2014\/04\/M\u0171szempilla-356x220.jpg\" width=\"356\" height=\"220\" alt=\"M\u0171szempilla\" \/><\/a><\/div><h2 class=\"post-title\"><a class=\"link_title\" href=\"https:\/\/crocusszepsegszalon.hu\/?services=muszempilla\" title=\"Permalink to M\u0171szempilla\">M\u0171szempilla<\/a><\/h2><\/li> <li class=\"isotope-item vc_span4\"><div class=\"post-thumb\"><a class=\"link_image\" href=\"https:\/\/crocusszepsegszalon.hu\/?services=gellakkozas\" title=\"Permalink to G\u00e9llakkoz\u00e1s\"><img loading=\"lazy\" decoding=\"async\" src=\"https:\/\/crocusszepsegszalon.hu\/wp-content\/uploads\/2013\/12\/Gabi22-356x220.jpeg\" width=\"356\" height=\"220\" alt=\"Gabi22\" \/><\/a><\/div><h2 class=\"post-title\"><a class=\"link_title\" href=\"https:\/\/crocusszepsegszalon.hu\/?services=gellakkozas\" title=\"Permalink to G\u00e9llakkoz\u00e1s\">G\u00e9llakkoz\u00e1s<\/a><\/h2><\/li> <li class=\"isotope-item vc_span4 grid-cat-86\"><div class=\"post-thumb\"><a class=\"link_image\" href=\"https:\/\/crocusszepsegszalon.hu\/?services=zseles-mukoromepites\" title=\"Permalink to Zsel\u00e9s m\u0171k\u00f6r\u00f6m\u00e9p\u00edt\u00e9s\"><img loading=\"lazy\" decoding=\"async\" src=\"https:\/\/crocusszepsegszalon.hu\/wp-content\/uploads\/2014\/04\/Zsel\u00e9s-m\u0171k\u00f6r\u00f6m-356x220.jpg\" width=\"356\" height=\"220\" alt=\"Zsel\u00e9s m\u0171k\u00f6r\u00f6m\" \/><\/a><\/div><h2 class=\"post-title\"><a class=\"link_title\" href=\"https:\/\/crocusszepsegszalon.hu\/?services=zseles-mukoromepites\" title=\"Permalink to Zsel\u00e9s m\u0171k\u00f6r\u00f6m\u00e9p\u00edt\u00e9s\">Zsel\u00e9s m\u0171k\u00f6r\u00f6m\u00e9p\u00edt\u00e9s<\/a><\/h2><\/li> <li class=\"isotope-item vc_span4 grid-cat-42\"><div class=\"post-thumb\"><a class=\"link_image\" href=\"https:\/\/crocusszepsegszalon.hu\/?services=hagyomanyos-manikur\" title=\"Permalink to Hagyom\u00e1nyos manik\u0171r\"><img loading=\"lazy\" decoding=\"async\" src=\"https:\/\/crocusszepsegszalon.hu\/wp-content\/uploads\/2014\/04\/como_eliminar_las_pielecitas_de_las_cuticulas-356x220.jpg\" width=\"356\" height=\"220\" alt=\"como_eliminar_las_pielecitas_de_las_cuticulas\" \/><\/a><\/div><h2 class=\"post-title\"><a class=\"link_title\" href=\"https:\/\/crocusszepsegszalon.hu\/?services=hagyomanyos-manikur\" title=\"Permalink to Hagyom\u00e1nyos manik\u0171r\">Hagyom\u00e1nyos manik\u0171r<\/a><\/h2><\/li> <li class=\"isotope-item vc_span4 grid-cat-42\"><div class=\"post-thumb\"><a class=\"link_image\" href=\"https:\/\/crocusszepsegszalon.hu\/?services=francia-manikur\" title=\"Permalink to Francia manik\u0171r\"><img loading=\"lazy\" decoding=\"async\" src=\"https:\/\/crocusszepsegszalon.hu\/wp-content\/uploads\/2013\/12\/k24-356x220.jpg\" width=\"356\" height=\"220\" alt=\"k24\" \/><\/a><\/div><h2 class=\"post-title\"><a class=\"link_title\" href=\"https:\/\/crocusszepsegszalon.hu\/?services=francia-manikur\" title=\"Permalink to Francia manik\u0171r\">Francia manik\u0171r<\/a><\/h2><\/li> <li class=\"isotope-item vc_span4 grid-cat-42\"><div class=\"post-thumb\"><a class=\"link_image\" href=\"https:\/\/crocusszepsegszalon.hu\/?services=japan-manikur\" title=\"Permalink to Jap\u00e1n manik\u0171r\"><img loading=\"lazy\" decoding=\"async\" src=\"https:\/\/crocusszepsegszalon.hu\/wp-content\/uploads\/2014\/04\/Jap\u00e1n-manik\u0171r-356x220.jpg\" width=\"356\" height=\"220\" alt=\"Jap\u00e1n manik\u0171r\" \/><\/a><\/div><h2 class=\"post-title\"><a class=\"link_title\" href=\"https:\/\/crocusszepsegszalon.hu\/?services=japan-manikur\" title=\"Permalink to Jap\u00e1n manik\u0171r\">Jap\u00e1n manik\u0171r<\/a><\/h2><\/li> <\/ul><\/div>\n\t\t<\/div> \n\t<\/div> \n\t\t<\/div> \n\t<\/div> \n<\/div>\n","protected":false},"excerpt":{"rendered":"A jap\u00e1n manik\u0171r k\u00f6zel 400 \u00e9ves elj\u00e1r\u00e1s, jap\u00e1n arisztokrat\u00e1k haszn\u00e1lt\u00e1k a saj\u00e1t k\u00f6rm\u00fck eg\u00e9szs\u00e9gesebb\u00e9 \u00e9s eszt\u00e9tikusabb\u00e1 t\u00e9tel\u00e9re. Megold\u00e1st ny\u00fajhat azoknak a sz\u00e1m\u00e1ra, akiknek f\u00e9nytelen, repedezett a k\u00f6rm\u00fck. Az elj\u00e1r\u00e1s sor\u00e1n szarvasb\u0151rb\u0151l vagy b\u00e1r\u00e1nyb\u0151rb\u0151l k\u00e9sz\u00fclt pol\u00edroz\u00f3val term\u00e9szetes m\u00e9hviaszt dolgozunk be a k\u00f6r\u00f6m fel\u00fclet\u00e9be, hogy a k\u00f6rm\u00f6k visszanyerj\u00e9k eredeti sz\u00edn\u00fcket \u00e9s v\u00edztasz\u00edt\u00f3 hat\u00e1s\u00fav\u00e1 v\u00e1ljanak. Ezzel nemcsak szebbek, [...]","protected":false},"author":985464,"featured_media":0,"parent":0,"menu_order":0,"comment_status":"closed","ping_status":"closed","template":"","meta":{"footnotes":""},"class_list":["post-688","page","type-page","status-publish","hentry"],"_links":{"self":[{"href":"https:\/\/crocusszepsegszalon.hu\/index.php?rest_route=\/wp\/v2\/pages\/688","targetHints":{"allow":["GET"]}}],"collection":[{"href":"https:\/\/crocusszepsegszalon.hu\/index.php?rest_route=\/wp\/v2\/pages"}],"about":[{"href":"https:\/\/crocusszepsegszalon.hu\/index.php?rest_route=\/wp\/v2\/types\/page"}],"author":[{"embeddable":true,"href":"https:\/\/crocusszepsegszalon.hu\/index.php?rest_route=\/wp\/v2\/users\/985464"}],"replies":[{"embeddable":true,"href":"https:\/\/crocusszepsegszalon.hu\/index.php?rest_route=%2Fwp%2Fv2%2Fcomments&post=688"}],"version-history":[{"count":6,"href":"https:\/\/crocusszepsegszalon.hu\/index.php?rest_route=\/wp\/v2\/pages\/688\/revisions"}],"predecessor-version":[{"id":1519,"href":"https:\/\/crocusszepsegszalon.hu\/index.php?rest_route=\/wp\/v2\/pages\/688\/revisions\/1519"}],"wp:attachment":[{"href":"https:\/\/crocusszepsegszalon.hu\/index.php?rest_route=%2Fwp%2Fv2%2Fmedia&parent=688"}],"curies":[{"name":"wp","href":"https:\/\/api.w.org\/{rel}","templated":true}]}}