{"id":726,"date":"2014-01-24T10:00:06","date_gmt":"2014-01-24T10:00:06","guid":{"rendered":"https:\/\/crocusszepsegszalon.hu\/?page_id=726"},"modified":"2016-01-25T15:24:59","modified_gmt":"2016-01-25T15:24:59","slug":"staff-page-3-column","status":"publish","type":"page","link":"https:\/\/crocusszepsegszalon.hu\/?page_id=726","title":{"rendered":"Munkat\u00e1rsaink"},"content":{"rendered":"<div class=\"wpb_row vc_row-fluid\">\n\t<div class=\"vc_span12 T\u00f6r\u0151csik Anita  wpb_column column_container\">\n\t\t<div class=\"wpb_wrapper\">\n\t\t\t\n\t<div class=\"wpb_teaser_grid wpb_content_element wpb_filtered_grid columns_count_3 grid_layout-title_thumbnail_text title_thumbnail_text_vc_span4 columns_count_3_title_thumbnail_text wpb_teaser_grid_team  box-rounded filter-center\">\n\t\t<div class=\"wpb_wrapper\"><div class=\"teaser_grid_container\"><ul class=\"categories_filter clearfix\"><li class=\"active\"><a href=\"#\" data-filter=\"*\">All<\/a><\/li><li><a href=\"#\" data-filter=\".grid-cat-89\">G\u00e9llakkoz\u00e1s<\/a><\/li><li><a href=\"#\" data-filter=\".grid-cat-97\">Manik\u0171r<\/a><\/li><li><a href=\"#\" data-filter=\".grid-cat-99\">M\u0171k\u00f6r\u00f6m\u00e9p\u00edt\u00e9s<\/a><\/li><li><a href=\"#\" data-filter=\".grid-cat-98\">M\u0171szempilla<\/a><\/li><\/ul><div class=\"clearfix\"><\/div><ul class=\"wpb_thumbnails wpb_thumbnails-fluid clearfix\" data-layout-mode=\"masonry\"><li class=\"isotope-item vc_span4 grid-cat-89 grid-cat-97 grid-cat-99\"><h2 class=\"post-title\"><a class=\"link_title\" href=\"https:\/\/crocusszepsegszalon.hu\/?team=nyircsak-orsolya\" title=\"Permalink to Ny\u00edrcs\u00e1k Orsolya\">Ny\u00edrcs\u00e1k Orsolya<\/a><\/h2><div class=\"post-thumb\"><a class=\"link_image\" href=\"https:\/\/crocusszepsegszalon.hu\/?team=nyircsak-orsolya\" title=\"Permalink to Ny\u00edrcs\u00e1k Orsolya\"><img loading=\"lazy\" decoding=\"async\" src=\"https:\/\/crocusszepsegszalon.hu\/wp-content\/uploads\/2016\/01\/orsi-356x356.jpg\" width=\"356\" height=\"356\" alt=\"Nyircs\u00e1k Orsolya\" \/><\/a><\/div><div class=\"entry-content\"><p>M\u0171k\u00f6r\u00f6m, g\u00e9l lakk, manik\u0171r<\/p>\n<\/div><\/li> <li class=\"isotope-item vc_span4 grid-cat-89 grid-cat-97 grid-cat-99\"><h2 class=\"post-title\"><a class=\"link_title\" href=\"https:\/\/crocusszepsegszalon.hu\/?team=gyutai-lilla\" title=\"Permalink to Gyutai Lilla\">Gyutai Lilla<\/a><\/h2><div class=\"post-thumb\"><a class=\"link_image\" href=\"https:\/\/crocusszepsegszalon.hu\/?team=gyutai-lilla\" title=\"Permalink to Gyutai Lilla\"><img loading=\"lazy\" decoding=\"async\" src=\"https:\/\/crocusszepsegszalon.hu\/wp-content\/uploads\/2021\/05\/Gyutai-Lilla_web-356x356.jpg\" width=\"356\" height=\"356\" alt=\"Gyutai Lilla_web\" \/><\/a><\/div><div class=\"entry-content\"><p>M\u0171k\u00f6r\u00f6m, g\u00e9l lakk, manik\u0171r<\/p>\n<\/div><\/li> <li class=\"isotope-item vc_span4 grid-cat-98\"><h2 class=\"post-title\"><a class=\"link_title\" href=\"https:\/\/crocusszepsegszalon.hu\/?team=torocsik_anita\" title=\"Permalink to T\u00f6r\u0151csik Anita\">T\u00f6r\u0151csik Anita<\/a><\/h2><div class=\"post-thumb\"><a class=\"link_image\" href=\"https:\/\/crocusszepsegszalon.hu\/?team=torocsik_anita\" title=\"Permalink to T\u00f6r\u0151csik Anita\"><img loading=\"lazy\" decoding=\"async\" src=\"https:\/\/crocusszepsegszalon.hu\/wp-content\/uploads\/2013\/12\/T\u00f6r\u0151csik-Anita-356x356.jpg\" width=\"356\" height=\"356\" alt=\"T\u00f6r\u0151csik Anita\" \/><\/a><\/div><div class=\"entry-content\"><p>M\u0171szempilla <\/p>\n<\/div><\/li> <\/ul><\/div>\n\t\t<\/div> \n\t<\/div> \n\t\t<\/div> \n\t<\/div> \n<\/div>\n","protected":false},"excerpt":{"rendered":"M\u00e1r gyerekkoromban is szerettem minden olyan k\u00e9zm\u0171ves dolgot, ami \"sz\u00f6szm\u00f6t\u00f6l\u0151s\", mint pl. a varr\u00e1s vagy a gy\u00f6ngyf\u0171z\u00e9s. 2012-ben tal\u00e1lkoztam el\u0151sz\u00f6r a m\u0171szempilla \u00e9p\u00edt\u00e9ssel, amikor modellk\u00e9nt vettem r\u00e9szt egy tanfolyamon. K\u00edv\u00fclr\u0151l nem is l\u00e1ttam a folyamatot, de ahogy hallottam felkeltette az \u00e9rdekl\u0151d\u00e9semet. \u00c9ppen szerettem volna munkahelyet v\u00e1ltani \u00e9s kreat\u00edvabb munk\u00e1t csin\u00e1lni v\u00e1llalkoz\u00f3k\u00e9nt. Ekkor m\u00e9g nagyon gyerekcip\u0151ben [...]","protected":false},"author":985464,"featured_media":0,"parent":0,"menu_order":0,"comment_status":"closed","ping_status":"closed","template":"","meta":{"footnotes":""},"class_list":["post-726","page","type-page","status-publish","hentry"],"_links":{"self":[{"href":"https:\/\/crocusszepsegszalon.hu\/index.php?rest_route=\/wp\/v2\/pages\/726","targetHints":{"allow":["GET"]}}],"collection":[{"href":"https:\/\/crocusszepsegszalon.hu\/index.php?rest_route=\/wp\/v2\/pages"}],"about":[{"href":"https:\/\/crocusszepsegszalon.hu\/index.php?rest_route=\/wp\/v2\/types\/page"}],"author":[{"embeddable":true,"href":"https:\/\/crocusszepsegszalon.hu\/index.php?rest_route=\/wp\/v2\/users\/985464"}],"replies":[{"embeddable":true,"href":"https:\/\/crocusszepsegszalon.hu\/index.php?rest_route=%2Fwp%2Fv2%2Fcomments&post=726"}],"version-history":[{"count":4,"href":"https:\/\/crocusszepsegszalon.hu\/index.php?rest_route=\/wp\/v2\/pages\/726\/revisions"}],"predecessor-version":[{"id":1915,"href":"https:\/\/crocusszepsegszalon.hu\/index.php?rest_route=\/wp\/v2\/pages\/726\/revisions\/1915"}],"wp:attachment":[{"href":"https:\/\/crocusszepsegszalon.hu\/index.php?rest_route=%2Fwp%2Fv2%2Fmedia&parent=726"}],"curies":[{"name":"wp","href":"https:\/\/api.w.org\/{rel}","templated":true}]}}